{"id":12,"date":"2026-03-23T14:00:46","date_gmt":"2026-03-23T14:00:46","guid":{"rendered":"https:\/\/piranawasy.site\/inicio-2\/"},"modified":"2026-04-19T15:07:44","modified_gmt":"2026-04-19T15:07:44","slug":"inicio-2","status":"publish","type":"page","link":"https:\/\/piranawasy.site\/en\/","title":{"rendered":"3.dias"},"content":{"rendered":"<figure class=\"wp-block-image alignfull size-large\"><img loading=\"lazy\" decoding=\"async\" width=\"1024\" height=\"683\" src=\"http:\/\/piranawasy.site\/wp-content\/uploads\/2026\/03\/Messenger_creation_C94B3252-FE68-4898-AC02-B23EEE4765CE-1024x683.jpg\" alt=\"\" class=\"wp-image-21\" srcset=\"https:\/\/piranawasy.site\/wp-content\/uploads\/2026\/03\/Messenger_creation_C94B3252-FE68-4898-AC02-B23EEE4765CE-1024x683.jpg 1024w, https:\/\/piranawasy.site\/wp-content\/uploads\/2026\/03\/Messenger_creation_C94B3252-FE68-4898-AC02-B23EEE4765CE-300x200.jpg 300w, https:\/\/piranawasy.site\/wp-content\/uploads\/2026\/03\/Messenger_creation_C94B3252-FE68-4898-AC02-B23EEE4765CE-768x512.jpg 768w, https:\/\/piranawasy.site\/wp-content\/uploads\/2026\/03\/Messenger_creation_C94B3252-FE68-4898-AC02-B23EEE4765CE.jpg 1536w\" sizes=\"auto, (max-width: 1024px) 100vw, 1024px\" \/><\/figure>\n\n\n\n<h1 class=\"wp-block-heading has-text-align-center\">\ud83c\udf3f Experiencia Amaz\u00f3nica con Comunidad Kichwa<\/h1>\n\n\n\n<p class=\"has-text-align-center\">3 d\u00edas \/ 2 noches \u2013 Pira\u00f1a Wasy<\/p>\n\n\n\n<p class=\"has-text-align-center\">Vive una experiencia aut\u00e9ntica en la selva amaz\u00f3nica del Ecuador junto a una comunidad ind\u00edgena Kichwa.<br>Descubre la naturaleza, la cultura ancestral y la vida real en la jungla.<\/p>\n\n\n\n<p class=\"has-text-align-center\"><strong>Naturaleza<\/strong> \u2022 <strong>Cultura<\/strong> <\/p>\n\n\n\n<p class=\"has-text-align-center\"> <strong>Aventura<\/strong> \u2022 <strong>Conexi\u00f3n<\/strong><\/p>\n\n\n\n<div class=\"wp-block-buttons is-content-justification-center is-layout-flex wp-container-core-buttons-is-layout-a89b3969 wp-block-buttons-is-layout-flex\">\n<div class=\"wp-block-button\"><a class=\"wp-block-button__link has-ast-global-color-4-color has-ast-global-color-1-background-color has-text-color has-background has-link-color has-text-align-center wp-element-button\" href=\"https:\/\/wa.me\/593995685034\" target=\"_blank\" rel=\"noopener\">WhatsApp<\/a><\/div>\n<\/div>\n\n\n\n<p class=\"has-text-align-center\"><strong>Reserva ahora por WhatsApp<\/strong><\/p>\n\n\n\n<hr class=\"wp-block-separator has-alpha-channel-opacity\"\/>\n\n\n\n<p class=\"has-text-align-center\"><font dir=\"auto\" style=\"vertical-align: inherit;\"><font dir=\"auto\" style=\"vertical-align: inherit;\"><strong>\u00bfQu\u00e9 incluye? <\/strong><\/font><\/font><\/p>\n\n\n\n<ul class=\"wp-block-list\">\n<li>Alojamiento en la comunidad<\/li>\n\n\n\n<li>Alimentaci\u00f3n amaz\u00f3nica 100% natural<\/li>\n\n\n\n<li>Gu\u00eda local<\/li>\n\n\n\n<li>Actividades culturales y en la selva<\/li>\n<\/ul>\n\n\n\n<hr class=\"wp-block-separator has-alpha-channel-opacity\"\/>\n\n\n\n<p class=\"has-text-align-left\"><font dir=\"auto\" style=\"vertical-align: inherit;\"><font dir=\"auto\" style=\"vertical-align: inherit;\"> <strong>Programa <\/strong><\/font><\/font><\/p>\n\n\n\n<p class=\"has-text-align-center\"><font dir=\"auto\" style=\"vertical-align: inherit;\"><font dir=\"auto\" style=\"vertical-align: inherit;\"><strong>Dia 1<\/strong><\/font><\/font><\/p>\n\n\n\n<figure class=\"wp-block-image\"><img loading=\"lazy\" decoding=\"async\" width=\"1024\" height=\"768\" src=\"http:\/\/piranawasy.site\/wp-content\/uploads\/2026\/03\/IMG-20251018-WA0003-1024x768.jpg\" alt=\"\" class=\"wp-image-37\" srcset=\"https:\/\/piranawasy.site\/wp-content\/uploads\/2026\/03\/IMG-20251018-WA0003-1024x768.jpg 1024w, https:\/\/piranawasy.site\/wp-content\/uploads\/2026\/03\/IMG-20251018-WA0003-300x225.jpg 300w, https:\/\/piranawasy.site\/wp-content\/uploads\/2026\/03\/IMG-20251018-WA0003-768x576.jpg 768w, https:\/\/piranawasy.site\/wp-content\/uploads\/2026\/03\/IMG-20251018-WA0003.jpg 1080w\" sizes=\"auto, (max-width: 1024px) 100vw, 1024px\" \/><\/figure>\n\n\n\n<ul class=\"wp-block-list\">\n<li>Llegada y bebida de bienvenida<\/li>\n\n\n\n<li>Visita a la comunidad Kichwa<\/li>\n\n\n\n<li>Degustaci\u00f3n de bebida ancestral de yuca<\/li>\n\n\n\n<li>Pintura facial tradicional<\/li>\n\n\n\n<li>Lanzamiento de cerbatana<\/li>\n\n\n\n<li>Visita a artesan\u00edas y medicina natural<\/li>\n\n\n\n<li>Fogata nocturna<\/li>\n\n\n\n<li>Historias y leyendas de la selva<\/li>\n<\/ul>\n\n\n\n<p class=\"has-text-align-center\"><font dir=\"auto\" style=\"vertical-align: inherit;\"><font dir=\"auto\" style=\"vertical-align: inherit;\"><strong>Dia 2<\/strong><\/font><\/font><\/p>\n\n\n\n<figure class=\"wp-block-image size-large\"><img loading=\"lazy\" decoding=\"async\" width=\"768\" height=\"1024\" src=\"https:\/\/piranawasy.site\/wp-content\/uploads\/2026\/04\/IMG-20260320-WA0018-768x1024.jpg\" alt=\"\" class=\"wp-image-99\" srcset=\"https:\/\/piranawasy.site\/wp-content\/uploads\/2026\/04\/IMG-20260320-WA0018-768x1024.jpg 768w, https:\/\/piranawasy.site\/wp-content\/uploads\/2026\/04\/IMG-20260320-WA0018-225x300.jpg 225w, https:\/\/piranawasy.site\/wp-content\/uploads\/2026\/04\/IMG-20260320-WA0018.jpg 960w\" sizes=\"auto, (max-width: 768px) 100vw, 768px\" \/><\/figure>\n\n\n\n<ul class=\"wp-block-list\">\n<li>Elaboraci\u00f3n de crema de cacao<\/li>\n\n\n\n<li>Proceso artesanal del chocolate<\/li>\n\n\n\n<li>Caminata en la selva<\/li>\n\n\n\n<li>Observaci\u00f3n de flora y fauna<\/li>\n\n\n\n<li>Spa natural de barro<\/li>\n\n\n\n<li>Ba\u00f1o en cascada natural<\/li>\n\n\n\n<li>Caminata nocturna (animales, sonidos, naturaleza viva)<\/li>\n<\/ul>\n\n\n\n<p class=\"has-text-align-center\"><font dir=\"auto\" style=\"vertical-align: inherit;\"><font dir=\"auto\" style=\"vertical-align: inherit;\"><strong>Dia 3<\/strong><\/font><\/font><\/p>\n\n\n\n<figure class=\"wp-block-image size-large\"><img loading=\"lazy\" decoding=\"async\" width=\"768\" height=\"1024\" src=\"https:\/\/piranawasy.site\/wp-content\/uploads\/2026\/04\/IMG-20260320-WA0015-768x1024.jpg\" alt=\"\" class=\"wp-image-116\" srcset=\"https:\/\/piranawasy.site\/wp-content\/uploads\/2026\/04\/IMG-20260320-WA0015-768x1024.jpg 768w, https:\/\/piranawasy.site\/wp-content\/uploads\/2026\/04\/IMG-20260320-WA0015-225x300.jpg 225w, https:\/\/piranawasy.site\/wp-content\/uploads\/2026\/04\/IMG-20260320-WA0015.jpg 960w\" sizes=\"auto, (max-width: 768px) 100vw, 768px\" \/><\/figure>\n\n\n\n<ul class=\"wp-block-list\">\n<li>Caminata en la jungla<\/li>\n\n\n\n<li>Visita al \u00e1rbol gigante<\/li>\n\n\n\n<li>Manejo de canoa tradicional<\/li>\n\n\n\n<li>Visita al lago (caimanes y peces)<\/li>\n\n\n\n<li>Salida hacia Puyo<\/li>\n<\/ul>\n\n\n\n<hr class=\"wp-block-separator aligncenter has-alpha-channel-opacity\"\/>\n\n\n\n<p class=\"has-text-align-center\"><strong>Alimento<\/strong><\/p>\n\n\n\n<p class=\"has-text-align-center\">Comida amaz\u00f3nica tradicional:<\/p>\n\n\n\n<ul class=\"wp-block-list\">\n<li>100% natural y org\u00e1nica<\/li>\n\n\n\n<li>Frutas de temporada<\/li>\n\n\n\n<li>Ingredientes locales<\/li>\n<\/ul>\n\n\n\n<hr class=\"wp-block-separator aligncenter has-alpha-channel-opacity\"\/>\n\n\n\n<p class=\"has-text-align-center\"><strong>Otras actividades <\/strong><\/p>\n\n\n\n<ul class=\"wp-block-list\">\n<li><font dir=\"auto\" style=\"vertical-align: inherit;\"><font dir=\"auto\" style=\"vertical-align: inherit;\">Taller de cer\u00e1mica amaz\u00f3nica \u2013 $<strong>10<\/strong><\/font><\/font><\/li>\n\n\n\n<li><font dir=\"auto\" style=\"vertical-align: inherit;\"><font dir=\"auto\" style=\"vertical-align: inherit;\">Visita a una plantaci\u00f3n de cacao \u2013 $<strong>5<\/strong><\/font><\/font><\/li>\n\n\n\n<li><font dir=\"auto\" style=\"vertical-align: inherit;\"><font dir=\"auto\" style=\"vertical-align: inherit;\">Taller de medicina natural  (Ung\u00fcentos y tinturas ) \u2013 $<strong>25<\/strong>\u2013$<strong>35<\/strong> <\/font><\/font><\/li>\n<\/ul>\n\n\n\n<hr class=\"wp-block-separator has-alpha-channel-opacity\"\/>\n\n\n\n<p class=\"has-text-align-center\"><strong>Recomendaci\u00f3n<\/strong><\/p>\n\n\n\n<ul class=\"wp-block-list\">\n<li>Gorra<\/li>\n\n\n\n<li>Linterna<\/li>\n\n\n\n<li>Ropa ligera (2 cambios)<\/li>\n\n\n\n<li>Camisas de manga larga<\/li>\n\n\n\n<li>Zapatos deportivos<\/li>\n\n\n\n<li>Medias largas<\/li>\n\n\n\n<li>Impermeable o poncho<\/li>\n\n\n\n<li>Protector solar<\/li>\n\n\n\n<li>Repelente<\/li>\n\n\n\n<li>Traje de ba\u00f1o y toalla<\/li>\n\n\n\n<li>Binoculares<\/li>\n<\/ul>\n\n\n\n<hr class=\"wp-block-separator has-alpha-channel-opacity\"\/>\n\n\n\n<p class=\"has-text-align-center\"><strong>Precio<\/strong><\/p>\n\n\n\n<p class=\"has-text-align-center\">$ 215 por persona (3 d\u00edas \/ 2 noches)<\/p>\n\n\n\n<hr class=\"wp-block-separator has-alpha-channel-opacity\"\/>\n\n\n\n<p class=\"has-text-align-center\"><strong>Punto de encuentro<\/strong><\/p>\n\n\n\n<iframe \n  src=\"https:\/\/www.google.com\/maps?q=-1.49156,-78.00337&#038;hl=es&#038;z=14&#038;output=embed\" \n  width=\"100%\" \n  height=\"400\" \n  style=\"border:0;\" \n  allow fullscreen=\"\" \n  loading=\"lazy\">\n<\/iframe>\n\n\n\n<p class=\"has-text-align-center\">Te recogeremos en: Puyo\/Pastaza<\/p>\n\n\n\n<hr class=\"wp-block-separator has-alpha-channel-opacity\"\/>\n\n\n\n<p class=\"has-text-align-center\"><strong>Reserva<\/strong><\/p>\n\n\n\n<p class=\"has-text-align-center\">Cont\u00e1ctanos directamente por WhatsApp para disponibilidad y reservas.<\/p>\n\n\n\n<div class=\"wp-block-buttons is-content-justification-center is-layout-flex wp-container-core-buttons-is-layout-a89b3969 wp-block-buttons-is-layout-flex\">\n<div class=\"wp-block-button\"><a class=\"wp-block-button__link has-ast-global-color-4-color has-ast-global-color-1-background-color has-text-color has-background has-link-color wp-element-button\" href=\"https:\/\/wa.me\/593995685034\" target=\"_blank\" rel=\"noopener\">WhatsApp<\/a><\/div>\n<\/div>\n\n\n\n<p class=\"has-text-align-center\"> <strong>Haz tu reserva ahora<\/strong><\/p>\n\n\n<div class=\"is-default-size aligncenter wp-block-site-logo\"><a href=\"https:\/\/piranawasy.site\/en\/\" class=\"custom-logo-link\" rel=\"home\"><img loading=\"lazy\" decoding=\"async\" width=\"1024\" height=\"1024\" src=\"https:\/\/piranawasy.site\/wp-content\/uploads\/2026\/03\/Messenger_creation_98DDD1D9-8955-42CD-B7F0-C9AEBDBA1278-62x62.jpg\" class=\"custom-logo\" alt=\"Pira\u0148a wasy\" srcset=\"https:\/\/piranawasy.site\/wp-content\/uploads\/2026\/03\/Messenger_creation_98DDD1D9-8955-42CD-B7F0-C9AEBDBA1278.jpg 1024w, https:\/\/piranawasy.site\/wp-content\/uploads\/2026\/03\/Messenger_creation_98DDD1D9-8955-42CD-B7F0-C9AEBDBA1278-300x300.jpg 300w, https:\/\/piranawasy.site\/wp-content\/uploads\/2026\/03\/Messenger_creation_98DDD1D9-8955-42CD-B7F0-C9AEBDBA1278-150x150.jpg 150w, https:\/\/piranawasy.site\/wp-content\/uploads\/2026\/03\/Messenger_creation_98DDD1D9-8955-42CD-B7F0-C9AEBDBA1278-768x768.jpg 768w, https:\/\/piranawasy.site\/wp-content\/uploads\/2026\/03\/Messenger_creation_98DDD1D9-8955-42CD-B7F0-C9AEBDBA1278-62x62.jpg 62w\" sizes=\"auto, (max-width: 1024px) 100vw, 1024px\" \/><\/a><\/div>\n\n\n<h3 class=\"wp-block-heading has-text-align-center\"><br><strong>Observaciones<\/strong><\/h3>\n\n\n\n<p class=\"has-text-align-center\"><br>El orden de las actividades puede cambiar dependiendo del clima u otros factores. <\/p>\n\n\n\n<p><\/p>","protected":false},"excerpt":{"rendered":"<p>\ud83c\udf3f Experiencia Amaz\u00f3nica con Comunidad Kichwa 3 d\u00edas \/ 2 noches \u2013 Pira\u00f1a Wasy Vive una experiencia aut\u00e9ntica en la [&hellip;]<\/p>\n","protected":false},"author":1,"featured_media":0,"parent":0,"menu_order":0,"comment_status":"closed","ping_status":"closed","template":"","meta":{"site-sidebar-layout":"default","site-content-layout":"","ast-site-content-layout":"default","site-content-style":"default","site-sidebar-style":"default","ast-global-header-display":"","ast-banner-title-visibility":"","ast-main-header-display":"","ast-hfb-above-header-display":"","ast-hfb-below-header-display":"","ast-hfb-mobile-header-display":"","site-post-title":"disabled","ast-breadcrumbs-content":"","ast-featured-img":"","footer-sml-layout":"","ast-disable-related-posts":"","theme-transparent-header-meta":"","adv-header-id-meta":"","stick-header-meta":"","header-above-stick-meta":"","header-main-stick-meta":"","header-below-stick-meta":"","astra-migrate-meta-layouts":"default","ast-page-background-enabled":"default","ast-page-background-meta":{"desktop":{"background-color":"var(--ast-global-color-5)","background-image":"","background-repeat":"repeat","background-position":"center center","background-size":"auto","background-attachment":"scroll","background-type":"","background-media":"","overlay-type":"","overlay-color":"","overlay-opacity":"","overlay-gradient":""},"tablet":{"background-color":"","background-image":"","background-repeat":"repeat","background-position":"center center","background-size":"auto","background-attachment":"scroll","background-type":"","background-media":"","overlay-type":"","overlay-color":"","overlay-opacity":"","overlay-gradient":""},"mobile":{"background-color":"","background-image":"","background-repeat":"repeat","background-position":"center center","background-size":"auto","background-attachment":"scroll","background-type":"","background-media":"","overlay-type":"","overlay-color":"","overlay-opacity":"","overlay-gradient":""}},"ast-content-background-meta":{"desktop":{"background-color":"var(--ast-global-color-4)","background-image":"","background-repeat":"repeat","background-position":"center center","background-size":"auto","background-attachment":"scroll","background-type":"","background-media":"","overlay-type":"","overlay-color":"","overlay-opacity":"","overlay-gradient":""},"tablet":{"background-color":"var(--ast-global-color-4)","background-image":"","background-repeat":"repeat","background-position":"center center","background-size":"auto","background-attachment":"scroll","background-type":"","background-media":"","overlay-type":"","overlay-color":"","overlay-opacity":"","overlay-gradient":""},"mobile":{"background-color":"var(--ast-global-color-4)","background-image":"","background-repeat":"repeat","background-position":"center center","background-size":"auto","background-attachment":"scroll","background-type":"","background-media":"","overlay-type":"","overlay-color":"","overlay-opacity":"","overlay-gradient":""}},"footnotes":"[]"},"class_list":["post-12","page","type-page","status-publish","hentry"],"_hostinger_reach_plugin_has_subscription_block":false,"_hostinger_reach_plugin_is_elementor":false,"_links":{"self":[{"href":"https:\/\/piranawasy.site\/en\/wp-json\/wp\/v2\/pages\/12","targetHints":{"allow":["GET"]}}],"collection":[{"href":"https:\/\/piranawasy.site\/en\/wp-json\/wp\/v2\/pages"}],"about":[{"href":"https:\/\/piranawasy.site\/en\/wp-json\/wp\/v2\/types\/page"}],"author":[{"embeddable":true,"href":"https:\/\/piranawasy.site\/en\/wp-json\/wp\/v2\/users\/1"}],"replies":[{"embeddable":true,"href":"https:\/\/piranawasy.site\/en\/wp-json\/wp\/v2\/comments?post=12"}],"version-history":[{"count":101,"href":"https:\/\/piranawasy.site\/en\/wp-json\/wp\/v2\/pages\/12\/revisions"}],"predecessor-version":[{"id":239,"href":"https:\/\/piranawasy.site\/en\/wp-json\/wp\/v2\/pages\/12\/revisions\/239"}],"wp:attachment":[{"href":"https:\/\/piranawasy.site\/en\/wp-json\/wp\/v2\/media?parent=12"}],"curies":[{"name":"wp","href":"https:\/\/api.w.org\/{rel}","templated":true}]}}